{"id":5259,"date":"2022-11-18T00:36:33","date_gmt":"2022-11-18T00:36:33","guid":{"rendered":"http:\/\/reservaloscedros.org\/?page_id=5259"},"modified":"2024-07-27T19:58:32","modified_gmt":"2024-07-27T19:58:32","slug":"rights-of-nature-campaign","status":"publish","type":"page","link":"https:\/\/reservaloscedros.org\/es\/rights-of-nature-campaign\/","title":{"rendered":"Derechos de la Naturaleza"},"content":{"rendered":"<p><div class=\"fusion-fullwidth fullwidth-box fusion-builder-row-1 fusion-flex-container nonhundred-percent-fullwidth non-hundred-percent-height-scrolling fusion-animated\" style=\"background-color: rgba(255,255,255,0);background-position: center center;background-repeat: no-repeat;border-width: 0px 0px 0px 0px;border-color:#eae9e9;border-style:solid;\" data-animationtype=\"fadeInUp\" data-animationduration=\"1.3\" data-animationoffset=\"top-into-view\" ><div class=\"fusion-builder-row fusion-row fusion-flex-align-items-center\" style=\"max-width:1216.8px;margin-left: calc(-4% \/ 2 );margin-right: calc(-4% \/ 2 );\"><div class=\"fusion-layout-column fusion_builder_column fusion-builder-column-0 fusion-flex-column\"><div class=\"fusion-column-wrapper fusion-flex-justify-content-flex-start fusion-content-layout-column\" style=\"background-position:left top;background-blend-mode: overlay;background-repeat:no-repeat;-webkit-background-size:cover;-moz-background-size:cover;-o-background-size:cover;background-size:cover;padding: 0px 0px 0px 0px;\"><div class=\"fusion-text fusion-text-1\" style=\"font-size:var(--awb-typography2-font-size);line-height:var(--awb-typography2-line-height);letter-spacing:var(--awb-typography2-letter-spacing);text-transform:var(--awb-typography2-text-transform);color:var(--awb-color4);font-family:var(--awb-typography2-font-family);font-weight:var(--awb-typography2-font-weight);font-style:var(--awb-typography2-font-style);\"><p style=\"letter-spacing: 3px;\">Derechos de la Naturaleza<\/p>\n<\/div><style type=\"text\/css\">@media only screen and (max-width:1024px) {.fusion-title.fusion-title-1{margin-top:10px!important; margin-right:!important;margin-bottom:0px!important;margin-left:!important;}}@media only screen and (max-width:640px) {.fusion-title.fusion-title-1{margin-top:5px!important; margin-right:!important;margin-bottom:0px!important; margin-left:!important;}}<\/style><div class=\"fusion-title title fusion-title-1 fusion-title-text fusion-title-size-two\" style=\"font-size:37px;margin-top:10px;margin-bottom:0px;\"><div class=\"title-sep-container title-sep-container-left fusion-no-large-visibility fusion-no-medium-visibility fusion-no-small-visibility\"><div class=\"title-sep sep-\" style=\"border-color:var(--awb-color3);\"><\/div><\/div><span class=\"awb-title-spacer fusion-no-large-visibility fusion-no-medium-visibility fusion-no-small-visibility\"><\/span><h2 class=\"title-heading-left fusion-responsive-typography-calculated\" style=\"margin:0;font-size:1em;text-transform:capitalize;--fontSize:37;line-height:1.35;\">Derechos de la Naturaleza<\/h2><span class=\"awb-title-spacer\"><\/span><div class=\"title-sep-container title-sep-container-right\"><div class=\"title-sep sep-\" style=\"border-color:var(--awb-color3);\"><\/div><\/div><\/div><\/div><style type=\"text\/css\">.fusion-body .fusion-builder-column-0{width:40% !important;margin-top : 0px;margin-bottom : 0px;}.fusion-builder-column-0 > .fusion-column-wrapper {padding-top : 0px !important;padding-right : 0px !important;margin-right : 3.84%;padding-bottom : 0px !important;padding-left : 0px !important;margin-left : 4.8%;}@media only screen and (max-width:1024px) {.fusion-body .fusion-builder-column-0{width:40% !important;}.fusion-builder-column-0 > .fusion-column-wrapper {margin-right : 3.84%;margin-left : 4.8%;}}@media only screen and (max-width:640px) {.fusion-body .fusion-builder-column-0{width:100% !important;margin-bottom : 15px;}.fusion-builder-column-0 > .fusion-column-wrapper {margin-right : 1.92%;margin-left : 1.92%;}}<\/style><\/div><div class=\"fusion-layout-column fusion_builder_column fusion-builder-column-1 fusion-flex-column\"><div class=\"fusion-column-wrapper fusion-flex-justify-content-flex-start fusion-content-layout-column\" style=\"background-position:left top;background-blend-mode: overlay;background-repeat:no-repeat;-webkit-background-size:cover;-moz-background-size:cover;-o-background-size:cover;background-size:cover;padding: 0px 0px 0px 0px;\"><div class=\"fusion-text fusion-text-2 fusion-text-no-margin\" style=\"color:var(--awb-color7);\"><p>La historia recordar\u00e1 el 1 de diciembre de 2021 como el d\u00eda en que gan\u00f3 la naturaleza. En esa fecha, la Corte Constitucional de Ecuador, el m\u00e1s alto tribunal de la naci\u00f3n, opt\u00f3 por mantener las hist\u00f3ricas disposiciones sobre los Derechos de la Naturaleza de la Constituci\u00f3n de Ecuador, salvaguardando el bosque de Los Cedros de la amenaza de la miner\u00eda. Se prohibi\u00f3 totalmente la explotaci\u00f3n minera en el bosque protector y se anularon los permisos ambientales y de aguas de las empresas implicadas; se impusieron disposiciones estrictas para la gesti\u00f3n ecol\u00f3gica y comunitaria del bosque, as\u00ed como directrices y requisitos para respetar y aplicar el derecho a la consulta ambiental que tienen todos los ecuatorianos. La sentencia no ten\u00eda precedentes: ning\u00fan tribunal del mundo hab\u00eda llegado tan lejos en el reconocimiento de los derechos de los organismos no humanos. Los efectos de esta decisi\u00f3n se dejar\u00e1n sentir tanto en Ecuador como en todo el mundo durante a\u00f1os.<\/p>\n<\/div><\/div><style type=\"text\/css\">.fusion-body .fusion-builder-column-1{width:60% !important;margin-top : 0px;margin-bottom : 0px;}.fusion-builder-column-1 > .fusion-column-wrapper {padding-top : 0px !important;padding-right : 0px !important;margin-right : 3.2%;padding-bottom : 0px !important;padding-left : 0px !important;margin-left : 6.4%;}@media only screen and (max-width:1024px) {.fusion-body .fusion-builder-column-1{width:60% !important;}.fusion-builder-column-1 > .fusion-column-wrapper {margin-right : 3.2%;margin-left : 6.4%;}}@media only screen and (max-width:640px) {.fusion-body .fusion-builder-column-1{width:100% !important;}.fusion-builder-column-1 > .fusion-column-wrapper {margin-right : 1.92%;margin-left : 1.92%;}}<\/style><\/div><\/div><style type=\"text\/css\">.fusion-body .fusion-flex-container.fusion-builder-row-1{ padding-top : 0px;margin-top : 0px;padding-right : 0px;padding-bottom : 0px;margin-bottom : 120px;padding-left : 0px;}@media only screen and (max-width:1024px) {.fusion-body .fusion-flex-container.fusion-builder-row-1{ margin-bottom : 80px;}}@media only screen and (max-width:640px) {.fusion-body .fusion-flex-container.fusion-builder-row-1{ margin-bottom : 60px;}}<\/style><\/div><div class=\"fusion-fullwidth fullwidth-box fusion-builder-row-2 fusion-flex-container has-pattern-background has-mask-background nonhundred-percent-fullwidth non-hundred-percent-height-scrolling\" style=\"background-color: rgba(255,255,255,0);background-position: center center;background-repeat: no-repeat;border-width: 0px 0px 0px 0px;border-color:#eae9e9;border-style:solid;\" ><div class=\"fusion-builder-row fusion-row fusion-flex-align-items-flex-start\" style=\"max-width:1216.8px;margin-left: calc(-4% \/ 2 );margin-right: calc(-4% \/ 2 );\"><div class=\"fusion-layout-column fusion_builder_column fusion-builder-column-2 fusion_builder_column_1_1 1_1 fusion-flex-column\"><div class=\"fusion-column-wrapper fusion-flex-justify-content-flex-start fusion-content-layout-column\" style=\"background-position:left top;background-repeat:no-repeat;-webkit-background-size:cover;-moz-background-size:cover;-o-background-size:cover;background-size:cover;padding: 0px 0px 0px 0px;\"><div class=\"fusion-video fusion-youtube\" style=\"max-width:1280px;max-height:720px;align-self:center; width:100%;\" data-autoplay=\"1\"><div class=\"video-shortcode\"><lite-youtube videoid=\"1m5Wq2Uv204\" params=\"wmode=transparent&autoplay=1&enablejsapi=1\" title=\"YouTube video player 1\"><\/lite-youtube><\/div><\/div><\/div><style type=\"text\/css\">.fusion-body .fusion-builder-column-2{width:100% !important;margin-top : 0px;margin-bottom : 20px;}.fusion-builder-column-2 > .fusion-column-wrapper {padding-top : 0px !important;padding-right : 0px !important;margin-right : 1.92%;padding-bottom : 0px !important;padding-left : 0px !important;margin-left : 1.92%;}@media only screen and (max-width:1024px) {.fusion-body .fusion-builder-column-2{width:100% !important;order : 0;}.fusion-builder-column-2 > .fusion-column-wrapper {margin-right : 1.92%;margin-left : 1.92%;}}@media only screen and (max-width:640px) {.fusion-body .fusion-builder-column-2{width:100% !important;order : 0;}.fusion-builder-column-2 > .fusion-column-wrapper {margin-right : 1.92%;margin-left : 1.92%;}}<\/style><\/div><\/div><style type=\"text\/css\">.fusion-body .fusion-flex-container.fusion-builder-row-2{ padding-top : 0px;margin-top : 0px;padding-right : 0px;padding-bottom : 0px;margin-bottom : 0px;padding-left : 0px;}<\/style><\/div><div class=\"fusion-fullwidth fullwidth-box fusion-builder-row-3 fusion-flex-container has-pattern-background has-mask-background nonhundred-percent-fullwidth non-hundred-percent-height-scrolling\" style=\"background-color: rgba(255,255,255,0);background-position: center center;background-repeat: no-repeat;border-width: 0px 0px 0px 0px;border-color:#eae9e9;border-style:solid;\" ><div class=\"fusion-builder-row fusion-row fusion-flex-align-items-center\" style=\"max-width:1216.8px;margin-left: calc(-4% \/ 2 );margin-right: calc(-4% \/ 2 );\"><div class=\"fusion-layout-column fusion_builder_column fusion-builder-column-3 fusion_builder_column_5_6 5_6 fusion-flex-column fusion-flex-align-self-flex-end\"><div class=\"fusion-column-wrapper fusion-flex-justify-content-center fusion-content-layout-column\" style=\"background-position:left top;background-repeat:no-repeat;-webkit-background-size:cover;-moz-background-size:cover;-o-background-size:cover;background-size:cover;padding: 0px 0px 0px 0px;\"><div class=\"fusion-text fusion-text-3\" style=\"text-align:center;\"><p>La decisi\u00f3n de proteger Los Cedros fue la culminaci\u00f3n de una batalla legal de a\u00f1os entre los defensores de este ecosistema en peligro y las empresas mineras, incluidos segmentos del gobierno ecuatoriano que promov\u00edan el desarrollo minero. La sentencia sent\u00f3 un precedente para la aplicaci\u00f3n de las disposiciones ecuatorianas sobre los derechos de la naturaleza, y sus efectos se extendieron a otros bosques del pa\u00eds y del mundo. La importancia del caso radica en el singular argumento jur\u00eddico que triunf\u00f3 en los tribunales: en lugar de suponer que la naturaleza es un objeto que debe regularse y controlarse, la Constituci\u00f3n de Ecuador concede derechos a formas de vida distintas de la humanidad, incluidos ecosistemas enteros; adem\u00e1s, la sentencia establec\u00eda claramente que los Derechos de la Naturaleza no se limitan a los bosques protegidos. El uso exitoso de esos derechos para defender un ecosistema como Los Cedros sienta un poderoso precedente para el futuro, a menudo llamado \"jurisprudencia de la Tierra\".<\/p>\n<\/div><\/div><style type=\"text\/css\">.fusion-body .fusion-builder-column-3{width:83.333333333333% !important;margin-top : 0px;margin-bottom : 20px;}.fusion-builder-column-3 > .fusion-column-wrapper {padding-top : 0px !important;padding-right : 0px !important;margin-right : 2.304%;padding-bottom : 0px !important;padding-left : 0px !important;margin-left : 2.304%;}@media only screen and (max-width:1024px) {.fusion-body .fusion-builder-column-3{width:100% !important;order : 0;}.fusion-builder-column-3 > .fusion-column-wrapper {margin-right : 1.92%;margin-left : 1.92%;}}@media only screen and (max-width:640px) {.fusion-body .fusion-builder-column-3{width:100% !important;order : 0;}.fusion-builder-column-3 > .fusion-column-wrapper {margin-right : 1.92%;margin-left : 1.92%;}}<\/style><\/div><\/div><style type=\"text\/css\">.fusion-body .fusion-flex-container.fusion-builder-row-3{ padding-top : 0px;margin-top : 0px;padding-right : 0px;padding-bottom : 0px;margin-bottom : 0px;padding-left : 116px;}<\/style><\/div><div class=\"fusion-fullwidth fullwidth-box fusion-builder-row-4 fusion-flex-container fusion-parallax-none nonhundred-percent-fullwidth hundred-percent-height non-hundred-percent-height-scrolling lazyload\" style=\"background-color: var(--awb-color8);background-image:linear-gradient(180deg, var(--awb-color5) 0%,var(--awb-color5) 100%);background-position: center center;background-repeat: no-repeat;background-blend-mode: overlay;border-width: 0px 0px 0px 0px;border-color:#eae9e9;border-style:solid;-webkit-background-size:cover;-moz-background-size:cover;-o-background-size:cover;background-size:cover;\" data-bg=\"http:\/\/reservaloscedros.org\/wp-content\/uploads\/2022\/11\/background.jpg\" data-bg-gradient=\"linear-gradient(180deg, var(--awb-color5) 0%,var(--awb-color5) 100%)\" ><div class=\"fusion-builder-row fusion-row fusion-flex-align-items-center\" style=\"max-width:calc( 1170px + 120px );margin-left: calc(-120px \/ 2 );margin-right: calc(-120px \/ 2 );\"><div class=\"fusion-layout-column fusion_builder_column fusion-builder-column-4 fusion_builder_column_1_2 1_2 fusion-flex-column fusion-animated\" data-animationtype=\"fadeInLeft\" data-animationduration=\"0.3\" data-animationoffset=\"top-into-view\"><div class=\"fusion-column-wrapper fusion-flex-justify-content-flex-start fusion-content-layout-column\" style=\"background-position:left top;background-repeat:no-repeat;-webkit-background-size:cover;-moz-background-size:cover;-o-background-size:cover;background-size:cover;padding: 0px 0px 0px 49px;\"><style type=\"text\/css\">@media only screen and (max-width:1024px) {.fusion-title.fusion-title-2{margin-top:10px!important; margin-right:!important;margin-bottom:20px!important;margin-left:!important;}}@media only screen and (max-width:640px) {.fusion-title.fusion-title-2{margin-top:5px!important; margin-right:!important;margin-bottom:0px!important; margin-left:!important;}}<\/style><div class=\"fusion-title title fusion-title-2 fusion-title-text fusion-title-size-two\" style=\"margin-top:10px;margin-bottom:20px;\"><div class=\"title-sep-container title-sep-container-left fusion-no-large-visibility fusion-no-medium-visibility fusion-no-small-visibility\"><div class=\"title-sep sep-\" style=\"border-color:var(--awb-color3);\"><\/div><\/div><span class=\"awb-title-spacer fusion-no-large-visibility fusion-no-medium-visibility fusion-no-small-visibility\"><\/span><h2 class=\"title-heading-left fusion-responsive-typography-calculated\" style=\"margin:0;text-transform:capitalize;color:var(--awb-color1);--fontSize:42;line-height:var(--awb-typography1-line-height);\">Los Cedros Necesita tu ayuda<\/h2><span class=\"awb-title-spacer\"><\/span><div class=\"title-sep-container title-sep-container-right\"><div class=\"title-sep sep-\" style=\"border-color:var(--awb-color3);\"><\/div><\/div><\/div><div class=\"fusion-text fusion-text-4 fusion-text-no-margin\" style=\"color:hsla(var(--awb-color1-h),var(--awb-color1-s),var(--awb-color1-l),calc(var(--awb-color1-a) - 25%));margin-bottom:50px;\"><p>El sector minero es uno de los m\u00e1s poderosos y ambiciosos del mundo. <a href=\"http:\/\/esacc.corteconstitucional.gob.ec\/storage\/api\/v1\/10_DWL_FL\/eyJjYXJwZXRhIjoidHJhbWl0ZSIsInV1aWQiOiI2MmE3MmIxNy1hMzE4LTQyZmMtYjJkOS1mYzYzNWE5ZTAwNGYucGRmIn0=\">A pesar de la Sentencia Constitucional que proh\u00edbe la miner\u00eda en Los Cedros,<\/a>las empresas mantienen la presi\u00f3n sobre las comunidades y autoridades, con el objetivo de invadir el bosque, destruir la institucionalidad y dar paso a la miner\u00eda en el mediano plazo.<\/p>\n<p>Es muy importante concientizar y sensibilizar a la poblaci\u00f3n, generar alternativas econ\u00f3micas, capacitar a guardabosques y gu\u00edas naturalistas locales. Tambi\u00e9n es importante mejorar la infraestructura y promover el turismo de naturaleza y cient\u00edfico para que podamos enfrentar esta grave amenaza. <span style=\"background-color: var(--awb-color8); color: hsla(var(--awb-color1-h),var(--awb-color1-s),var(--awb-color1-l),calc(var(--awb-color1-a) - 25%)); font-family: var(--body_typography-font-family); font-size: var(--body_typography-font-size); font-style: var(--body_typography-font-style,normal); font-weight: var(--body_typography-font-weight); letter-spacing: var(--body_typography-letter-spacing);\">Tenemos una alianza estrat\u00e9gica con la Corporaci\u00f3n para la Investigaci\u00f3n y Protecci\u00f3n de los Bosques Tropicales Andinos - CIPBAT, organizaci\u00f3n creada por la Estaci\u00f3n Cient\u00edfica y socios locales y nacionales para gestionar proyectos y administrar fondos.<\/span><\/p>\n<\/div><div ><style>.fusion-body .fusion-button.button-1{border-radius:2px 2px 2px 2px;padding-top:20px;padding-right:35px;padding-bottom:20px;padding-left:35px;}<\/style><a class=\"fusion-button button-flat fusion-button-default-size button-default button-1 fusion-button-default-span fusion-button-default-type\" target=\"_self\" href=\"http:\/\/reservaloscedros.org\/es\/contact\/\" style=\"margin-bottom:25px;\"><span class=\"fusion-button-text\">Dona Aqu\u00ed<\/span><\/a><\/div><\/div><style type=\"text\/css\">.fusion-body .fusion-builder-column-4{width:50% !important;margin-top : 0px;margin-bottom : 0px;}.fusion-builder-column-4 > .fusion-column-wrapper {padding-top : 0px !important;padding-right : 0px !important;margin-right : 0px;padding-bottom : 0px !important;padding-left : 49px !important;margin-left : 62px;}@media only screen and (max-width:1024px) {.fusion-body .fusion-builder-column-4{width:100% !important;order : 0;}.fusion-builder-column-4 > .fusion-column-wrapper {margin-right : 60px;margin-left : 60px;}}@media only screen and (max-width:640px) {.fusion-body .fusion-builder-column-4{width:100% !important;order : 1;}.fusion-builder-column-4 > .fusion-column-wrapper {margin-right : 60px;margin-left : 60px;}}<\/style><\/div><div class=\"fusion-layout-column fusion_builder_column fusion-builder-column-5 fusion_builder_column_1_2 1_2 fusion-flex-column fusion-animated\" data-animationtype=\"fadeInRight\" data-animationduration=\"0.3\" data-animationoffset=\"top-into-view\"><div class=\"fusion-column-wrapper fusion-flex-justify-content-flex-start fusion-content-layout-column\" style=\"background-position:left top;background-repeat:no-repeat;-webkit-background-size:cover;-moz-background-size:cover;-o-background-size:cover;background-size:cover;padding: 0px 30px 0px 0px;\"><div ><span class=\"fusion-imageframe imageframe-none imageframe-1 hover-type-none\"><img decoding=\"async\" width=\"900\" height=\"944\" title=\"geography-2\" src=\"https:\/\/reservaloscedros.org\/wp-content\/uploads\/2022\/12\/geography-2.png\" data-orig-src=\"http:\/\/reservaloscedros.org\/wp-content\/uploads\/2022\/12\/geography-2.png\" alt class=\"lazyload img-responsive wp-image-5465\" srcset=\"data:image\/svg+xml,%3Csvg%20xmlns%3D%27http%3A%2F%2Fwww.w3.org%2F2000%2Fsvg%27%20width%3D%27900%27%20height%3D%27944%27%20viewBox%3D%270%200%20900%20944%27%3E%3Crect%20width%3D%27900%27%20height%3D%27944%27%20fill-opacity%3D%220%22%2F%3E%3C%2Fsvg%3E\" data-srcset=\"https:\/\/reservaloscedros.org\/wp-content\/uploads\/2022\/12\/geography-2-200x210.png 200w, https:\/\/reservaloscedros.org\/wp-content\/uploads\/2022\/12\/geography-2-400x420.png 400w, https:\/\/reservaloscedros.org\/wp-content\/uploads\/2022\/12\/geography-2-600x629.png 600w, https:\/\/reservaloscedros.org\/wp-content\/uploads\/2022\/12\/geography-2-800x839.png 800w, https:\/\/reservaloscedros.org\/wp-content\/uploads\/2022\/12\/geography-2.png 900w\" data-sizes=\"auto\" data-orig-sizes=\"(max-width: 1024px) 100vw, (max-width: 640px) 100vw, 600px\" \/><\/span><\/div><\/div><style type=\"text\/css\">.fusion-body .fusion-builder-column-5{width:50% !important;margin-top : 0px;margin-bottom : 0px;}.fusion-builder-column-5 > .fusion-column-wrapper {padding-top : 0px !important;padding-right : 30px !important;margin-right : 60px;padding-bottom : 0px !important;padding-left : 0px !important;margin-left : 60px;}@media only screen and (max-width:1024px) {.fusion-body .fusion-builder-column-5{width:100% !important;order : 0;}.fusion-builder-column-5 > .fusion-column-wrapper {margin-right : 60px;margin-left : 60px;}}@media only screen and (max-width:640px) {.fusion-body .fusion-builder-column-5{width:100% !important;order : 0;margin-bottom : 60px;}.fusion-builder-column-5 > .fusion-column-wrapper {margin-right : 60px;margin-left : 60px;}}<\/style><\/div><\/div><style type=\"text\/css\">.fusion-body .fusion-flex-container.fusion-builder-row-4{ padding-top : 51px;margin-top : 0px;padding-right : 0px;padding-bottom : 0px;margin-bottom : 0px;padding-left : 0px;}@media only screen and (max-width:640px) {.fusion-body .fusion-flex-container.fusion-builder-row-4{ padding-top : 60px;}}<\/style><\/div><\/p>","protected":false},"excerpt":{"rendered":"","protected":false},"author":1,"featured_media":0,"parent":0,"menu_order":0,"comment_status":"closed","ping_status":"closed","template":"","meta":{"footnotes":""},"class_list":["post-5259","page","type-page","status-publish","hentry"],"jetpack_sharing_enabled":true,"_links":{"self":[{"href":"https:\/\/reservaloscedros.org\/es\/wp-json\/wp\/v2\/pages\/5259","targetHints":{"allow":["GET"]}}],"collection":[{"href":"https:\/\/reservaloscedros.org\/es\/wp-json\/wp\/v2\/pages"}],"about":[{"href":"https:\/\/reservaloscedros.org\/es\/wp-json\/wp\/v2\/types\/page"}],"author":[{"embeddable":true,"href":"https:\/\/reservaloscedros.org\/es\/wp-json\/wp\/v2\/users\/1"}],"replies":[{"embeddable":true,"href":"https:\/\/reservaloscedros.org\/es\/wp-json\/wp\/v2\/comments?post=5259"}],"version-history":[{"count":24,"href":"https:\/\/reservaloscedros.org\/es\/wp-json\/wp\/v2\/pages\/5259\/revisions"}],"predecessor-version":[{"id":6121,"href":"https:\/\/reservaloscedros.org\/es\/wp-json\/wp\/v2\/pages\/5259\/revisions\/6121"}],"wp:attachment":[{"href":"https:\/\/reservaloscedros.org\/es\/wp-json\/wp\/v2\/media?parent=5259"}],"curies":[{"name":"wp","href":"https:\/\/api.w.org\/{rel}","templated":true}]}}